{"id":24,"date":"2020-05-28T08:55:09","date_gmt":"2020-05-28T08:55:09","guid":{"rendered":"http:\/\/aply.cz\/?page_id=24"},"modified":"2020-05-29T14:43:16","modified_gmt":"2020-05-29T14:43:16","slug":"home","status":"publish","type":"page","link":"https:\/\/aply.cz\/","title":{"rendered":"Home"},"content":{"rendered":"<p>[et_pb_section fb_built=&#8220;1&#8243; admin_label=&#8220;Header&#8220; _builder_version=&#8220;4.1&#8243;][et_pb_row column_structure=&#8220;1_2,1_2&#8243; _builder_version=&#8220;4.1&#8243;][et_pb_column type=&#8220;1_2&#8243; _builder_version=&#8220;4.1&#8243; custom_padding=&#8220;100px||||false|false&#8220; custom_padding_tablet=&#8220;0px||||false|false&#8220; custom_padding_phone=&#8220;&#8220; custom_padding_last_edited=&#8220;on|phone&#8220;][et_pb_text _builder_version=&#8220;4.4.7&#8243; text_font_size=&#8220;16px&#8220; text_line_height=&#8220;1.8em&#8220; header_font=&#8220;IBM Plex Sans Condensed|700|||||||&#8220; header_font_size=&#8220;80px&#8220; header_line_height=&#8220;1.2em&#8220; header_font_size_tablet=&#8220;60px&#8220; header_font_size_phone=&#8220;50px&#8220; header_font_size_last_edited=&#8220;on|phone&#8220; locked=&#8220;off&#8220;]<\/p>\n<h1>Aplikace <br \/>pro skute\u010dn\u00fd \u017eivot<\/h1>\n<p>[\/et_pb_text][\/et_pb_column][et_pb_column type=&#8220;1_2&#8243; _builder_version=&#8220;4.1&#8243;][et_pb_image src=&#8220;https:\/\/aply.cz\/wp-content\/uploads\/2020\/05\/Left-app-and-Text-Below-TB.png&#8220; title_text=&#8220;Left app and Text Below TB&#8220; _builder_version=&#8220;4.4.7&#8243; width=&#8220;82%&#8220; module_alignment=&#8220;center&#8220; custom_margin=&#8220;200px||||false|false&#8220; custom_margin_tablet=&#8220;|0vw|||false|false&#8220; custom_margin_phone=&#8220;&#8220; custom_margin_last_edited=&#8220;on|phone&#8220;][\/et_pb_image][\/et_pb_column][\/et_pb_row][et_pb_row column_structure=&#8220;1_2,1_2&#8243; _builder_version=&#8220;4.1&#8243;][et_pb_column type=&#8220;1_2&#8243; _builder_version=&#8220;4.0.9&#8243;][et_pb_text _builder_version=&#8220;4.4.7&#8243; text_font_size=&#8220;16px&#8220; text_line_height=&#8220;1.8em&#8220; header_font=&#8220;||||||||&#8220; header_3_font=&#8220;Playfair Display|700|||||||&#8220; header_3_font_size=&#8220;50px&#8220; header_3_line_height=&#8220;1.2em&#8220; text_font_size_phone=&#8220;16px&#8220; text_font_size_last_edited=&#8220;off|desktop&#8220; header_3_font_size_tablet=&#8220;40px&#8220; header_3_font_size_phone=&#8220;30px&#8220; header_3_font_size_last_edited=&#8220;on|phone&#8220; locked=&#8220;off&#8220;]<\/p>\n<p style=\"text-align: justify;\">Jsme spole\u010dnost\u00ed zab\u00fdvaj\u00edc\u00ed se n\u00e1vrhy a v\u00fdvojem mobiln\u00edch aplikac\u00ed. V\u00a0sou\u010dasnosti p\u0159ipravujeme spu\u0161t\u011bn\u00ed mobiln\u00ed aplikace <strong>FINDTASTIC<\/strong>. Je to prvn\u00ed z\u00a0na\u0161ich pl\u00e1novan\u00fdch projekt\u016f v\u00a0oblasti mobiln\u00edch aplikac\u00ed.\u00a0<\/p>\n<p>[\/et_pb_text][et_pb_text _builder_version=&#8220;4.4.7&#8243; text_font_size=&#8220;16px&#8220; text_line_height=&#8220;1.8em&#8220; header_font=&#8220;||||||||&#8220; header_3_font=&#8220;Playfair Display|700|||||||&#8220; header_3_font_size=&#8220;50px&#8220; header_3_line_height=&#8220;1.2em&#8220; text_font_size_phone=&#8220;16px&#8220; text_font_size_last_edited=&#8220;off|desktop&#8220; header_3_font_size_tablet=&#8220;40px&#8220; header_3_font_size_phone=&#8220;30px&#8220; header_3_font_size_last_edited=&#8220;on|phone&#8220; locked=&#8220;off&#8220;]<\/p>\n<p>Vytv\u00e1\u0159\u00edme takov\u00e9 aplikace, kter\u00e9 lidem p\u0159in\u00e1\u0161\u00ed nejen u\u017eitek a \u00fasporu financ\u00ed ale hlavn\u011b prostor pro jejich \u017eivot.\u00a0<\/p>\n<p>[\/et_pb_text][\/et_pb_column][et_pb_column type=&#8220;1_2&#8243; _builder_version=&#8220;4.0.9&#8243;][et_pb_text _builder_version=&#8220;4.4.7&#8243; text_font_size=&#8220;16px&#8220; text_line_height=&#8220;1.8em&#8220; header_font=&#8220;||||||||&#8220; header_3_font=&#8220;Playfair Display|700|||||||&#8220; header_3_font_size=&#8220;50px&#8220; header_3_line_height=&#8220;1.2em&#8220; text_font_size_tablet=&#8220;&#8220; text_font_size_phone=&#8220;16px&#8220; text_font_size_last_edited=&#8220;on|phone&#8220; header_3_font_size_tablet=&#8220;40px&#8220; header_3_font_size_phone=&#8220;30px&#8220; header_3_font_size_last_edited=&#8220;on|phone&#8220; locked=&#8220;off&#8220;]<\/p>\n<p style=\"text-align: justify;\"><span style=\"font-weight: 400;\">Aplikace <strong>FINDTASTIC<\/strong>\u00a0p\u0159esn\u011b takov\u00e1 je. <\/span><\/p>\n<p style=\"text-align: justify;\"><span style=\"font-weight: 400;\"><\/span><\/p>\n<p style=\"text-align: justify;\"><span style=\"font-size: 16px;\">Je \u0161est\u00fdm smyslem modern\u00edho \u010dlov\u011bka, kter\u00fd u\u017e pochopil, \u017ee jednou z\u00a0nejd\u016fle\u017eit\u011bj\u0161\u00edch hodnot v\u00a0jeho \u017eivot\u011b je \u010das.<\/span><\/p>\n<p style=\"text-align: justify;\">Aplikace\u00a0<strong>FINDTASTIC<\/strong>\u00a0je n\u00e1strojem, kter\u00fd V\u00e1m umo\u017en\u00ed V\u00e1\u0161 \u010das vyu\u017e\u00edt smyslupln\u011b a nemuset tr\u00e1vit hodiny u internetu p\u0159i hled\u00e1n\u00ed v\u011bc\u00ed, kter\u00e9 si chcete koupit. Kdy\u017e aplikaci \u0159eknete, co hled\u00e1te a jakou jste ochotni za to zaplatit cenu,\u00a0<strong>FINDTASTIC<\/strong>\u00a0se opravdu stane va\u0161\u00edm \u201e\u0161est\u00fdm\u201c vyhled\u00e1vac\u00edm smyslem. Ka\u017ed\u00fd den se bude starat o to, aby v\u00e1s informovala, zda je ji\u017e V\u00e1mi po\u017eadovan\u00fd produkt k\u00a0sehn\u00e1n\u00ed za V\u00e1mi po\u017eadovanou cenu a kde. Celou tu dobu, kdy aplikace pracuje za V\u00e1s, m\u00e1te mo\u017enost u\u017e\u00edvat si \u017eivota, m\u00edsto tr\u00e1ven\u00ed \u010dasu u vyhledava\u010de &#8211; jd\u011bte rad\u011bji na koncert, sportujte, \u010dt\u011bte si, tan\u010dete nebo klidn\u011b jd\u011bte sp\u00e1t,\u00a0<strong>FINDTASTIC<\/strong>\u00a0hled\u00e1 za V\u00e1s.<\/p>\n<p style=\"text-align: justify;\">A nav\u00edc &#8211; jsme nez\u00e1visl\u00ed, tedy neplat\u00ed n\u00e1s \u017e\u00e1dn\u00fd e-shop, ned\u00e1v\u00e1me data \u017e\u00e1dn\u00fdm t\u0159et\u00edm stran\u00e1m a vyhled\u00e1van\u00e9 zbo\u017e\u00ed na V\u00e1s nebude neust\u00e1le vyskakovat ze v\u0161ech kout\u016f internetu.<\/p>\n<p style=\"text-align: justify;\">Pokud je n\u011bkde V\u00e1mi hledan\u00e9 zbo\u017e\u00ed k\u00a0dispozici, a\u0165 u\u017e kdekoli, a na internetu se d\u00e1 naj\u00edt, hned jak to bude odpov\u00eddat V\u00e1mi po\u017eadovan\u00e9 cen\u011b\u2026FINDTASTIC V\u00e1m to \u0159ekne!<\/p>\n<p>[\/et_pb_text][\/et_pb_column][\/et_pb_row][et_pb_row column_structure=&#8220;1_2,1_2&#8243; _builder_version=&#8220;4.4.7&#8243;][et_pb_column type=&#8220;1_2&#8243; _builder_version=&#8220;4.4.7&#8243;][et_pb_image src=&#8220;https:\/\/aply.cz\/wp-content\/uploads\/2020\/05\/obr1.jpg&#8220; title_text=&#8220;Set of parents enjoying parenting and walking with children&#8220; _builder_version=&#8220;4.4.7&#8243;][\/et_pb_image][\/et_pb_column][et_pb_column type=&#8220;1_2&#8243; _builder_version=&#8220;4.4.7&#8243;][et_pb_image src=&#8220;https:\/\/aply.cz\/wp-content\/uploads\/2020\/05\/obr2.jpg&#8220; title_text=&#8220;Set of parents enjoying parenting and walking with children&#8220; _builder_version=&#8220;4.4.7&#8243; custom_margin=&#8220;||-18px|||&#8220; custom_padding=&#8220;|27px|7px|37px||&#8220;][\/et_pb_image][\/et_pb_column][\/et_pb_row][\/et_pb_section][et_pb_section fb_built=&#8220;1&#8243; admin_label=&#8220;Footer&#8220; _builder_version=&#8220;4.4.7&#8243; background_color=&#8220;#005DFB&#8220; background_image=&#8220;https:\/\/aply.cz\/wp-content\/uploads\/2020\/05\/mobile-app_85.png&#8220; background_position=&#8220;top_center&#8220; custom_margin=&#8220;8vw||||false|false&#8220; custom_margin_tablet=&#8220;0px||||false|false&#8220; custom_margin_last_edited=&#8220;off|desktop&#8220; custom_padding=&#8220;||8vw||false|false&#8220; locked=&#8220;off&#8220;][et_pb_row column_structure=&#8220;1_2,1_2&#8243; _builder_version=&#8220;4.4.7&#8243; max_width=&#8220;none&#8220;][et_pb_column type=&#8220;1_2&#8243; _builder_version=&#8220;4.1&#8243;][\/et_pb_column][et_pb_column type=&#8220;1_2&#8243; _builder_version=&#8220;4.1&#8243; custom_padding=&#8220;8vw||||false|false&#8220; custom_padding_tablet=&#8220;0px||||false|false&#8220; custom_padding_last_edited=&#8220;off|desktop&#8220;][et_pb_text _builder_version=&#8220;4.4.7&#8243; text_font_size=&#8220;16px&#8220; text_line_height=&#8220;1.8em&#8220; header_2_font=&#8220;IBM Plex Sans Condensed|700|||||||&#8220; header_2_font_size=&#8220;6vw&#8220; header_2_line_height=&#8220;1.2em&#8220; background_layout=&#8220;dark&#8220; custom_margin=&#8220;||10px||false|false&#8220; custom_padding=&#8220;||0px||false|false&#8220; header_2_font_size_tablet=&#8220;60px&#8220; header_2_font_size_phone=&#8220;50px&#8220; header_2_font_size_last_edited=&#8220;on|phone&#8220; locked=&#8220;off&#8220;]<\/p>\n<h2><span style=\"font-weight: 400;\">czechaply s.r.o.<\/span><\/h2>\n<p><span style=\"font-weight: 400;\">Zem\u011bd\u011blsk\u00e1 880\/1, 500 03 Hradec Kr\u00e1lov\u00e9<\/span><\/p>\n<p><span style=\"font-weight: 400;\">I\u010cO:\u00a0<span class=\"nowrap\">08441812 DI\u010c:\u00a0<span>CZ08441812<\/span><\/span><\/span><\/p>\n<p><span style=\"font-weight: 400;\"><span class=\"nowrap\"><span>veden\u00e1 u Krajsk\u00e9ho soudu v Hradci Kr\u00e1lov\u00e9,\u00a0sp.zn.\u00a0C 44380 <\/span><\/span><\/span><\/p>\n<p>[\/et_pb_text][et_pb_blurb use_icon=&#8220;on&#8220; font_icon=&#8220;%%109%%&#8220; icon_color=&#8220;#FFFFFF&#8220; icon_placement=&#8220;left&#8220; content_max_width=&#8220;1100px&#8220; use_icon_font_size=&#8220;on&#8220; icon_font_size=&#8220;23px&#8220; _builder_version=&#8220;4.4.7&#8243; body_text_color=&#8220;#FFFFFF&#8220; body_link_text_color=&#8220;#FFFFFF&#8220; min_height=&#8220;16px&#8220; custom_margin=&#8220;6px||8px||false|false&#8220; custom_padding=&#8220;0px||||false|false&#8220;]<\/p>\n<p><a href=\"mailto:pavel@aply.cz\"><span style=\"font-weight: 400;\">pavel@aply.cz<\/span><\/a><\/p>\n<p>[\/et_pb_blurb][et_pb_blurb use_icon=&#8220;on&#8220; font_icon=&#8220;%%109%%&#8220; icon_color=&#8220;#FFFFFF&#8220; icon_placement=&#8220;left&#8220; content_max_width=&#8220;1100px&#8220; use_icon_font_size=&#8220;on&#8220; icon_font_size=&#8220;23px&#8220; _builder_version=&#8220;4.4.7&#8243; body_text_color=&#8220;#FFFFFF&#8220; body_link_text_color=&#8220;#FFFFFF&#8220; min_height=&#8220;28px&#8220; custom_margin=&#8220;0px||-2px||false|false&#8220; custom_padding=&#8220;0px||||false|false&#8220;]<\/p>\n<p><a href=\"mailto:david@aply.cz\"><span style=\"font-weight: 400;\">david@aply.cz<\/span><\/a><\/p>\n<p>[\/et_pb_blurb][et_pb_blurb use_icon=&#8220;on&#8220; font_icon=&#8220;%%264%%&#8220; icon_color=&#8220;#FFFFFF&#8220; icon_placement=&#8220;left&#8220; content_max_width=&#8220;1100px&#8220; use_icon_font_size=&#8220;on&#8220; icon_font_size=&#8220;23px&#8220; _builder_version=&#8220;4.4.7&#8243; body_text_color=&#8220;#FFFFFF&#8220; body_link_text_color=&#8220;#FFFFFF&#8220; min_height=&#8220;16px&#8220; custom_margin=&#8220;6px||8px||false|false&#8220; custom_padding=&#8220;0px||||false|false&#8220;]<\/p>\n<p>+420 602 441 886\u00a0 \u00a0David Jaro\u0161<\/p>\n<p>[\/et_pb_blurb][\/et_pb_column][\/et_pb_row][\/et_pb_section]<\/p>\n","protected":false},"excerpt":{"rendered":"<p>Aplikace pro skute\u010dn\u00fd \u017eivotJsme spole\u010dnost\u00ed zab\u00fdvaj\u00edc\u00ed se n\u00e1vrhy a v\u00fdvojem mobiln\u00edch aplikac\u00ed. V\u00a0sou\u010dasnosti p\u0159ipravujeme spu\u0161t\u011bn\u00ed mobiln\u00ed aplikace FINDTASTIC. Je to prvn\u00ed z\u00a0na\u0161ich pl\u00e1novan\u00fdch projekt\u016f v\u00a0oblasti mobiln\u00edch aplikac\u00ed.\u00a0Vytv\u00e1\u0159\u00edme takov\u00e9 aplikace, kter\u00e9 lidem p\u0159in\u00e1\u0161\u00ed nejen u\u017eitek a \u00fasporu financ\u00ed ale hlavn\u011b prostor pro jejich \u017eivot.\u00a0Aplikace FINDTASTIC\u00a0p\u0159esn\u011b takov\u00e1 je. Je \u0161est\u00fdm smyslem modern\u00edho \u010dlov\u011bka, kter\u00fd u\u017e pochopil, \u017ee [&hellip;]<\/p>\n","protected":false},"author":2,"featured_media":0,"parent":0,"menu_order":0,"comment_status":"closed","ping_status":"closed","template":"","meta":{"_et_pb_use_builder":"on","_et_pb_old_content":"","_et_gb_content_width":"","footnotes":""},"class_list":["post-24","page","type-page","status-publish","hentry"],"_links":{"self":[{"href":"https:\/\/aply.cz\/index.php?rest_route=\/wp\/v2\/pages\/24"}],"collection":[{"href":"https:\/\/aply.cz\/index.php?rest_route=\/wp\/v2\/pages"}],"about":[{"href":"https:\/\/aply.cz\/index.php?rest_route=\/wp\/v2\/types\/page"}],"author":[{"embeddable":true,"href":"https:\/\/aply.cz\/index.php?rest_route=\/wp\/v2\/users\/2"}],"replies":[{"embeddable":true,"href":"https:\/\/aply.cz\/index.php?rest_route=%2Fwp%2Fv2%2Fcomments&post=24"}],"version-history":[{"count":11,"href":"https:\/\/aply.cz\/index.php?rest_route=\/wp\/v2\/pages\/24\/revisions"}],"predecessor-version":[{"id":70,"href":"https:\/\/aply.cz\/index.php?rest_route=\/wp\/v2\/pages\/24\/revisions\/70"}],"wp:attachment":[{"href":"https:\/\/aply.cz\/index.php?rest_route=%2Fwp%2Fv2%2Fmedia&parent=24"}],"curies":[{"name":"wp","href":"https:\/\/api.w.org\/{rel}","templated":true}]}}